{"id":240,"date":"2018-10-28T22:08:33","date_gmt":"2018-10-28T21:08:33","guid":{"rendered":"https:\/\/frohebotschaft-pr.de\/impressum\/"},"modified":"2019-05-27T17:02:36","modified_gmt":"2019-05-27T15:02:36","slug":"legal","status":"publish","type":"page","link":"https:\/\/frohebotschaft-pr.de\/en\/legal\/","title":{"rendered":"Legal"},"content":{"rendered":"<p>Executive Director: Maria Baufeld<br \/>\nUST-IDNR.: 42\/014\/02714<\/p>\n<p>Phone: +49 40 41 44 99 44<br \/>\nEmail: info@frohebotschaft-pr.de<\/p>\n<p>FROHE BOTSCHAFT PR GmbH<br \/>\nTesdorpfstra\u00dfe 19<br \/>\n20148 Hamburg<br \/>\nGermany<\/p>\n<p>Corporate Design, Idea &amp; Concept: <a href=\"http:\/\/www.jessicalouis.com\/\" target=\"_blank\" rel=\"noopener\">LOUIS Studio<\/a><br \/>\nWeb Development: <a href=\"https:\/\/pschelletter.com\/\" target=\"_blank\" rel=\"noopener\">Peer Schelletter<\/a><\/p>\n<p>Rechtlicher Hinweis:<br \/>\nEs ist der Frohe Botschaft PR GmbH sehr wichtig, zutreffende und aktuelle Informationen zu pr\u00e4sentieren. Eine Haftung<br \/>\noder Garantie f\u00fcr die Aktualit\u00e4t, Richtigkeit und Vollst\u00e4ndigkeit dieser zur Verf\u00fcgung gestellten Informationen und<br \/>\nDaten ist jedoch ausgeschlossen.<\/p>\n<p>Trotz sorgf\u00e4ltiger inhaltlicher Kontrolle \u00fcbernehmen wir keine Haftung f\u00fcr die Inhalte externer Links. F\u00fcr den Inhalt der verlinkten<br \/>\nSeiten sind ausschlie\u00dflich deren Betreiber verantwortlich. Man beh\u00e4lt sich vor, \u00c4nderungen oder Erg\u00e4nzungen ohne<br \/>\nAnk\u00fcndigung vorzunehmen. F\u00fcr s\u00e4mtliche verlinkten oder verbundenen Inhalte, die nicht unter der Adresse frohebotschaft-pr.de<br \/>\ngespeichert sind, zeichnen sich die Betreiber der entsprechenden Webseiten oder ihre Erf\u00fcllungsgehilfen verantwortlich.<\/p>\n","protected":false},"excerpt":{"rendered":"<p>Executive Director: Maria Baufeld UST-IDNR.: 42\/014\/02714 Phone: +49 40 41 44 99 44 Email: info@frohebotschaft-pr.de FROHE BOTSCHAFT PR GmbH Tesdorpfstra\u00dfe 19 20148 Hamburg Germany Corporate Design, Idea &amp; Concept: LOUIS Studio Web Development: Peer Schelletter Rechtlicher Hinweis: Es ist der Frohe Botschaft PR GmbH sehr wichtig, zutreffende und aktuelle Informationen zu pr\u00e4sentieren. Eine Haftung oder [&hellip;]<\/p>\n","protected":false},"author":1,"featured_media":0,"parent":0,"menu_order":0,"comment_status":"closed","ping_status":"closed","template":"","meta":{"inline_featured_image":false,"footnotes":""},"class_list":["post-240","page","type-page","status-publish","hentry"],"yoast_head":"<!-- This site is optimized with the Yoast SEO plugin v24.3 - https:\/\/yoast.com\/wordpress\/plugins\/seo\/ -->\n<title>Legal &#8211; Frohe Botschaft<\/title>\n<meta name=\"robots\" content=\"index, follow, max-snippet:-1, max-image-preview:large, max-video-preview:-1\" \/>\n<link rel=\"canonical\" href=\"https:\/\/frohebotschaft-pr.de\/en\/legal\/\" \/>\n<meta property=\"og:locale\" content=\"en_US\" \/>\n<meta property=\"og:type\" content=\"article\" \/>\n<meta property=\"og:title\" content=\"Legal &#8211; Frohe Botschaft\" \/>\n<meta property=\"og:description\" content=\"Executive Director: Maria Baufeld UST-IDNR.: 42\/014\/02714 Phone: +49 40 41 44 99 44 Email: info@frohebotschaft-pr.de FROHE BOTSCHAFT PR GmbH Tesdorpfstra\u00dfe 19 20148 Hamburg Germany Corporate Design, Idea &amp; Concept: LOUIS Studio Web Development: Peer Schelletter Rechtlicher Hinweis: Es ist der Frohe Botschaft PR GmbH sehr wichtig, zutreffende und aktuelle Informationen zu pr\u00e4sentieren. Eine Haftung oder [&hellip;]\" \/>\n<meta property=\"og:url\" content=\"https:\/\/frohebotschaft-pr.de\/en\/legal\/\" \/>\n<meta property=\"og:site_name\" content=\"Frohe Botschaft\" \/>\n<meta property=\"article:modified_time\" content=\"2019-05-27T15:02:36+00:00\" \/>\n<meta name=\"twitter:card\" content=\"summary_large_image\" \/>\n<meta name=\"twitter:label1\" content=\"Est. reading time\" \/>\n\t<meta name=\"twitter:data1\" content=\"1 minute\" \/>\n<script type=\"application\/ld+json\" class=\"yoast-schema-graph\">{\"@context\":\"https:\/\/schema.org\",\"@graph\":[{\"@type\":\"WebPage\",\"@id\":\"https:\/\/frohebotschaft-pr.de\/en\/legal\/\",\"url\":\"https:\/\/frohebotschaft-pr.de\/en\/legal\/\",\"name\":\"Legal &#8211; Frohe Botschaft\",\"isPartOf\":{\"@id\":\"https:\/\/frohebotschaft-pr.de\/#website\"},\"datePublished\":\"2018-10-28T21:08:33+00:00\",\"dateModified\":\"2019-05-27T15:02:36+00:00\",\"breadcrumb\":{\"@id\":\"https:\/\/frohebotschaft-pr.de\/en\/legal\/#breadcrumb\"},\"inLanguage\":\"en-US\",\"potentialAction\":[{\"@type\":\"ReadAction\",\"target\":[\"https:\/\/frohebotschaft-pr.de\/en\/legal\/\"]}]},{\"@type\":\"BreadcrumbList\",\"@id\":\"https:\/\/frohebotschaft-pr.de\/en\/legal\/#breadcrumb\",\"itemListElement\":[{\"@type\":\"ListItem\",\"position\":1,\"name\":\"Startseite\",\"item\":\"https:\/\/frohebotschaft-pr.de\/en\/hey\/\"},{\"@type\":\"ListItem\",\"position\":2,\"name\":\"Legal\"}]},{\"@type\":\"WebSite\",\"@id\":\"https:\/\/frohebotschaft-pr.de\/#website\",\"url\":\"https:\/\/frohebotschaft-pr.de\/\",\"name\":\"Frohe Botschaft\",\"description\":\"Public Relations\",\"publisher\":{\"@id\":\"https:\/\/frohebotschaft-pr.de\/#organization\"},\"potentialAction\":[{\"@type\":\"SearchAction\",\"target\":{\"@type\":\"EntryPoint\",\"urlTemplate\":\"https:\/\/frohebotschaft-pr.de\/?s={search_term_string}\"},\"query-input\":{\"@type\":\"PropertyValueSpecification\",\"valueRequired\":true,\"valueName\":\"search_term_string\"}}],\"inLanguage\":\"en-US\"},{\"@type\":\"Organization\",\"@id\":\"https:\/\/frohebotschaft-pr.de\/#organization\",\"name\":\"FROHE BOTSCHAFT PR GmbH\",\"url\":\"https:\/\/frohebotschaft-pr.de\/\",\"logo\":{\"@type\":\"ImageObject\",\"inLanguage\":\"en-US\",\"@id\":\"https:\/\/frohebotschaft-pr.de\/#\/schema\/logo\/image\/\",\"url\":\"https:\/\/frohebotschaft-pr.de\/wp-content\/uploads\/2018\/11\/favicon.png\",\"contentUrl\":\"https:\/\/frohebotschaft-pr.de\/wp-content\/uploads\/2018\/11\/favicon.png\",\"width\":600,\"height\":600,\"caption\":\"FROHE BOTSCHAFT PR GmbH\"},\"image\":{\"@id\":\"https:\/\/frohebotschaft-pr.de\/#\/schema\/logo\/image\/\"},\"sameAs\":[\"https:\/\/www.instagram.com\/frohebotschaft_pr\/\",\"https:\/\/www.linkedin.com\/company\/frohebotschaft-pr\/\"]}]}<\/script>\n<!-- \/ Yoast SEO plugin. -->","yoast_head_json":{"title":"Legal &#8211; Frohe Botschaft","robots":{"index":"index","follow":"follow","max-snippet":"max-snippet:-1","max-image-preview":"max-image-preview:large","max-video-preview":"max-video-preview:-1"},"canonical":"https:\/\/frohebotschaft-pr.de\/en\/legal\/","og_locale":"en_US","og_type":"article","og_title":"Legal &#8211; Frohe Botschaft","og_description":"Executive Director: Maria Baufeld UST-IDNR.: 42\/014\/02714 Phone: +49 40 41 44 99 44 Email: info@frohebotschaft-pr.de FROHE BOTSCHAFT PR GmbH Tesdorpfstra\u00dfe 19 20148 Hamburg Germany Corporate Design, Idea &amp; Concept: LOUIS Studio Web Development: Peer Schelletter Rechtlicher Hinweis: Es ist der Frohe Botschaft PR GmbH sehr wichtig, zutreffende und aktuelle Informationen zu pr\u00e4sentieren. Eine Haftung oder [&hellip;]","og_url":"https:\/\/frohebotschaft-pr.de\/en\/legal\/","og_site_name":"Frohe Botschaft","article_modified_time":"2019-05-27T15:02:36+00:00","twitter_card":"summary_large_image","twitter_misc":{"Est. reading time":"1 minute"},"schema":{"@context":"https:\/\/schema.org","@graph":[{"@type":"WebPage","@id":"https:\/\/frohebotschaft-pr.de\/en\/legal\/","url":"https:\/\/frohebotschaft-pr.de\/en\/legal\/","name":"Legal &#8211; Frohe Botschaft","isPartOf":{"@id":"https:\/\/frohebotschaft-pr.de\/#website"},"datePublished":"2018-10-28T21:08:33+00:00","dateModified":"2019-05-27T15:02:36+00:00","breadcrumb":{"@id":"https:\/\/frohebotschaft-pr.de\/en\/legal\/#breadcrumb"},"inLanguage":"en-US","potentialAction":[{"@type":"ReadAction","target":["https:\/\/frohebotschaft-pr.de\/en\/legal\/"]}]},{"@type":"BreadcrumbList","@id":"https:\/\/frohebotschaft-pr.de\/en\/legal\/#breadcrumb","itemListElement":[{"@type":"ListItem","position":1,"name":"Startseite","item":"https:\/\/frohebotschaft-pr.de\/en\/hey\/"},{"@type":"ListItem","position":2,"name":"Legal"}]},{"@type":"WebSite","@id":"https:\/\/frohebotschaft-pr.de\/#website","url":"https:\/\/frohebotschaft-pr.de\/","name":"Frohe Botschaft","description":"Public Relations","publisher":{"@id":"https:\/\/frohebotschaft-pr.de\/#organization"},"potentialAction":[{"@type":"SearchAction","target":{"@type":"EntryPoint","urlTemplate":"https:\/\/frohebotschaft-pr.de\/?s={search_term_string}"},"query-input":{"@type":"PropertyValueSpecification","valueRequired":true,"valueName":"search_term_string"}}],"inLanguage":"en-US"},{"@type":"Organization","@id":"https:\/\/frohebotschaft-pr.de\/#organization","name":"FROHE BOTSCHAFT PR GmbH","url":"https:\/\/frohebotschaft-pr.de\/","logo":{"@type":"ImageObject","inLanguage":"en-US","@id":"https:\/\/frohebotschaft-pr.de\/#\/schema\/logo\/image\/","url":"https:\/\/frohebotschaft-pr.de\/wp-content\/uploads\/2018\/11\/favicon.png","contentUrl":"https:\/\/frohebotschaft-pr.de\/wp-content\/uploads\/2018\/11\/favicon.png","width":600,"height":600,"caption":"FROHE BOTSCHAFT PR GmbH"},"image":{"@id":"https:\/\/frohebotschaft-pr.de\/#\/schema\/logo\/image\/"},"sameAs":["https:\/\/www.instagram.com\/frohebotschaft_pr\/","https:\/\/www.linkedin.com\/company\/frohebotschaft-pr\/"]}]}},"acf":[],"_links":{"self":[{"href":"https:\/\/frohebotschaft-pr.de\/en\/wp-json\/wp\/v2\/pages\/240","targetHints":{"allow":["GET"]}}],"collection":[{"href":"https:\/\/frohebotschaft-pr.de\/en\/wp-json\/wp\/v2\/pages"}],"about":[{"href":"https:\/\/frohebotschaft-pr.de\/en\/wp-json\/wp\/v2\/types\/page"}],"author":[{"embeddable":true,"href":"https:\/\/frohebotschaft-pr.de\/en\/wp-json\/wp\/v2\/users\/1"}],"replies":[{"embeddable":true,"href":"https:\/\/frohebotschaft-pr.de\/en\/wp-json\/wp\/v2\/comments?post=240"}],"version-history":[{"count":7,"href":"https:\/\/frohebotschaft-pr.de\/en\/wp-json\/wp\/v2\/pages\/240\/revisions"}],"predecessor-version":[{"id":757,"href":"https:\/\/frohebotschaft-pr.de\/en\/wp-json\/wp\/v2\/pages\/240\/revisions\/757"}],"wp:attachment":[{"href":"https:\/\/frohebotschaft-pr.de\/en\/wp-json\/wp\/v2\/media?parent=240"}],"curies":[{"name":"wp","href":"https:\/\/api.w.org\/{rel}","templated":true}]}}